{"id":7,"date":"2025-04-19T12:39:14","date_gmt":"2025-04-19T05:39:14","guid":{"rendered":"https:\/\/dihona.com.vn\/?page_id=7"},"modified":"2025-04-22T11:23:06","modified_gmt":"2025-04-22T04:23:06","slug":"home","status":"publish","type":"page","link":"https:\/\/dihona.com.vn\/","title":{"rendered":"Home"},"content":{"rendered":"<p><span><img decoding=\"async\" alt=\"\" data-id=\"72\" width=\"228\" data-init-width=\"707\" height=\"68\" data-init-height=\"210\" title=\"logo-hat-dieu\" loading=\"lazy\" src=\"https:\/\/dihona.com.vn\/wp-content\/uploads\/2025\/04\/logo-hat-dieu.png\" data-width=\"228\" data-height=\"68\" style=\"aspect-ratio: auto 707 \/ 210;\"><\/span><\/p>\n<h1 style=\"\"><span>H\u1ed9p qu\u00e0 t\u1eb7ng cao c\u1ea5p<\/span><\/h1>\n<p style=\"\"><strong>PH\u00daC L\u1ed8C TH\u1ecc<\/strong><\/p>\n<p style=\"\"><b>H\u1ed8P QU\u00c0 T\u1eb6NG CAO C\u1ea4P PH\u00daC L\u1ed8C TH\u1ecc<\/b>:&nbsp;<b>h\u1ea1nh ph\u00fac \u2013 may m\u1eafn \u2013 tr\u01b0\u1eddng t\u1ed3n<\/b>. \u0110\u00e2y l\u00e0 m\u00f3n qu\u00e0&nbsp;<b>ch\u00e1y h\u00e0ng<\/b>&nbsp;nh\u1ea5t c\u1ee7a Dihona.&nbsp;<b>Set qu\u00e0 t\u1eb7ng cao c\u1ea5p v\u1edbi m\u1eabu m\u00e3 thi\u1ebft k\u1ebf sang tr\u1ecdng<\/b>, th\u1ec3 hi\u1ec7n \u0111\u1eb3ng c\u1ea5p c\u1ee7a c\u1ea3 ng\u01b0\u1eddi t\u1eb7ng l\u1eabn ng\u01b0\u1eddi nh\u1eadn.<\/p>\n<h2 style=\"text-align: center;\">H\u1ed9p qu\u00e0 t\u1eb7ng Ph\u00fac L\u1ed9c Th\u1ecd c\u00f3 g\u00ec?<\/h2>\n<p style=\"text-align: center;\">H\u1ea1t \u0111i\u1ec1u rang mu\u1ed1i v\u1ed1n l\u00e0 s\u1ea3n ph\u1ea9m \u0111\u01b0\u1ee3c \u01b0a chu\u1ed9ng v\u00e0 ch\u1ecdn l\u00e0m qu\u00e0 t\u1eb7ng nh\u01b0ng \u0111a ph\u1ea7n ch\u1ec9 l\u00e0 t\u00fai h\u00fat ch\u00e2n kh\u00f4ng \u0111\u01a1n gi\u1ea3n, h\u1ea1t \u0111i\u1ec1u ch\u01b0a \u0111\u01b0\u1ee3c khai th\u00e1c \u0111\u00fang v\u1ec1 gi\u00e1 tr\u1ecb qu\u00e0 t\u1eb7ng c\u1ee7a n\u00f3. &nbsp;Quan tr\u1ecdng h\u01a1n l\u00e0 n\u1ebfu kh\u00f4ng am hi\u1ec3u k\u1ef9 h\u1ea1t \u0111i\u1ec1u th\u00ec ng\u01b0\u1eddi mua c\u00f2n d\u1ec5 ch\u1ecdn sai h\u1ea1t \u0111i\u1ec1u v\u00f9ng kh\u00e1c m\u00e0 kh\u00f4ng ph\u1ea3i h\u1ea1t \u0111i\u1ec1u B\u00ecnh Ph\u01b0\u1edbc.<\/p>\n<p style=\"text-align: center;\">Ch\u00ednh v\u00ec mong mu\u1ed1n \u201ckho\u00e1c chi\u1ebfc \u00e1o\u201d m\u1edbi,<b>&nbsp;tr\u1ecbnh th\u01b0\u1ee3ng<\/b>,&nbsp;<b>sang tr\u1ecdng<\/b>&nbsp;nh\u01b0 gi\u00e1 tr\u1ecb m\u00e0 h\u1ea1t \u0111i\u1ec1u v\u1ed1n c\u00f3 cho&nbsp;<b>m\u00f3n qu\u00e0 \u0111\u1eb7c s\u1ea3n h\u1ea1t \u0111i\u1ec1u B\u00ecnh Ph\u01b0\u1edbc<\/b> m\u00e0 Dihona \u0111\u00e3 t\u00e2m huy\u1ebft thi\u1ebft k\u1ebf ra m\u1eabu qu\u00e0 t\u1eb7ng cao c\u1ea5p Ph\u00fac L\u1ed9c Th\u1ecd.<\/p>\n<h5 style=\"text-align: left;\">SANG V\u00c0 \u00dd NGH\u0128A<\/h5>\n<p style=\"text-align: left;\">Set qu\u00e0 g\u1ed3m <b>3 h\u1ed9p nh\u1ecf&nbsp;<\/b>t\u01b0\u01a1ng \u1ee9ng 3 l\u1eddi ch\u00fac:&nbsp;<b>H\u1ed9p Ph\u00fac, H\u1ed9p L\u1ed9c, H\u1ed9p Th\u1ecd<\/b>. <\/p>\n<h5 style=\"text-align: left;\">\u0110\u1ea2M B\u1ea2O CH\u1ea4T L\u01af\u1ee2NG<\/h5>\n<p style=\"text-align: left;\">H\u1ea1t \u0111i\u1ec1u trong Set qu\u00e0 Ph\u00fac L\u1ed9c Th\u1ecd lu\u00f4n <b>chu\u1ea9n k\u00edch c\u1ee1 h\u1ea1t, \u0111\u1ec1u \u0111\u1eb9p t\u1eebng h\u1ea1t<\/b>.<\/p>\n<h5 style=\"text-align: left;\">LO\u1ea0I \u0110I\u1ec0U \u0110\u1eb6C BI\u1ec6T<\/h5>\n<p style=\"text-align: left;\"><b>H\u1ea1t \u0111i\u1ec1u rang mu\u1ed1i lo\u1ea1i A+ B\u00ecnh Ph\u01b0\u1edbc<\/b>, l\u00e0 lo\u1ea1i <b>\u0111\u1ec9nh nh\u1ea5t&nbsp;<\/b>trong c\u00e1c lo\u1ea1i.<\/p>\n<p><span><img decoding=\"async\" alt=\"\" data-id=\"36\" width=\"242\" data-init-width=\"1707\" height=\"363\" data-init-height=\"2560\" title=\"IMG_1963\" loading=\"lazy\" src=\"https:\/\/dihona.com.vn\/wp-content\/uploads\/2025\/04\/IMG_1963-scaled.jpg\" data-width=\"242\" data-height=\"363\" style=\"aspect-ratio: auto 1707 \/ 2560;\"><\/span><\/p>\n<h4 style=\"\">Thi\u1ebft k\u1ebf \u0111\u1eb9p \u0111\u1ed9c<\/h4>\n<p style=\"\">Thi\u1ebft k\u1ebf \u0111\u1ed9c quy\u1ec1n ch\u1ec9 c\u00f3 t\u1ea1i Dihona v\u00e0 \u0111\u00e3 \u0111\u0103ng k\u00fd b\u1ea3o h\u1ed9 th\u01b0\u01a1ng hi\u1ec7u.<\/p>\n<p><span><img decoding=\"async\" alt=\"\" data-id=\"37\" width=\"242\" data-init-width=\"2560\" height=\"363\" data-init-height=\"1707\" title=\"IMG_1994\" loading=\"lazy\" src=\"https:\/\/dihona.com.vn\/wp-content\/uploads\/2025\/04\/IMG_1994-scaled.jpg\" data-width=\"242\" data-height=\"363\" style=\"aspect-ratio: auto 2560 \/ 1707;\"><\/span><\/p>\n<h4 style=\"\">\u00dd ngh\u0129a v\u1eb9n to\u00e0n<\/h4>\n<p style=\"\">\u0110\u1eb9p, sang v\u00e0 \u00fd ngh\u0129a H\u1ea1nh ph\u00fac &#8211; t\u00e0i l\u1ed9c v\u00e0 tr\u01b0\u1eddng t\u1ed3n.<\/p>\n<p><span><img decoding=\"async\" alt=\"\" data-id=\"34\" width=\"242\" data-init-width=\"1000\" height=\"363\" data-init-height=\"667\" title=\"Ba\u0309n sao cu\u0309a dieu-rang-muoi-phuc-loc-tho-dihona-hat-dieu-rang-muoi-binh-phuoc-dihona\" loading=\"lazy\" src=\"https:\/\/dihona.com.vn\/wp-content\/uploads\/2025\/04\/Ban-sao-cua-dieu-rang-muoi-phuc-loc-tho-dihona-hat-dieu-rang-muoi-binh-phuoc-dihona.jpg\" data-width=\"242\" data-height=\"363\" style=\"aspect-ratio: auto 1000 \/ 667;\"><\/span><\/p>\n<h4 style=\"\">H\u1ea1t \u0111i\u1ec1u chu\u1ea9n v\u1ecb&nbsp;<\/h4>\n<p style=\"\">Ch\u1ec9 tuy\u1ec3n ch\u1ecdn h\u1ea1t \u0111i\u1ec1u B\u00ecnh Ph\u01b0\u1edbc to tr\u00f2n c\u0103ng m\u1ea9y, ngon v\u00e0 \u0111\u1eb9p nh\u1ea5t.<\/p>\n<p><span><img decoding=\"async\" alt=\"\" data-id=\"38\" width=\"242\" data-init-width=\"2560\" height=\"363\" data-init-height=\"2560\" title=\"hinh-tui-plt copy\" loading=\"lazy\" src=\"https:\/\/dihona.com.vn\/wp-content\/uploads\/2025\/04\/hinh-tui-plt-copy-scaled.png\" data-width=\"242\" data-height=\"363\" style=\"aspect-ratio: auto 2560 \/ 2560;\"><\/span><\/p>\n<h4 style=\"\">T\u00fai sang tr\u1ecdng<\/h4>\n<p style=\"\">C\u00f3 t\u00fai gi\u1ea5y v\u00e0 t\u00fai v\u1ea3i \u0111\u1eb9p, sang<\/p>\n<h5 style=\"\">B\u1ea1n mu\u1ed1n ch\u1ecdn qu\u00e0 cho doanh nghi\u1ec7p, cho \u0111\u1ed1i t\u00e1c n\u01b0\u1edbc ngo\u00e0i<\/h5>\n<h4 style=\"\">Ph\u00fac L\u1ed9c Th\u1ecd ph\u00f9 h\u1ee3p ti\u00eau ch\u00ed v\u1eeba sang v\u1eeba \u00fd ngh\u0129a v\u00e0 l\u00e0 m\u00f3n \u0111\u1eb7c s\u1ea3n Vi\u1ec7t Nam<\/h4>\n<h2 style=\"text-align: center;\">C\u00e2u h\u1ecfi th\u01b0\u1eddng g\u1eb7p<\/h2>\n<h4 style=\"text-align: center;\">H\u00ccNH \u1ea2NH CH\u1ee4P TH\u1eacT S\u1ea2N PH\u1ea8M<\/h4>\n<p style=\"text-align: center;\">(B\u1ea5m v\u00e0o t\u1eebng h\u00ecnh \u0111\u1ec3 xem r\u00f5 h\u01a1n)<\/p>\n<p><span><img decoding=\"async\" alt=\"\" data-id=\"78\" width=\"2560\" height=\"1707\" title=\"IMG_1922\" src=\"https:\/\/dihona.com.vn\/wp-content\/uploads\/2025\/04\/IMG_1922-1024x683.jpg\" data-src=\"https:\/\/dihona.com.vn\/wp-content\/uploads\/2025\/04\/IMG_1922-scaled.jpg\" loading=\"lazy\" data-sizes=\"{&quot;thumbnail&quot;:{&quot;height&quot;:150,&quot;width&quot;:150,&quot;url&quot;:&quot;https:\/\/dihona.com.vn\/wp-content\/uploads\/2025\/04\/IMG_1922-150x150.jpg&quot;,&quot;orientation&quot;:&quot;landscape&quot;},&quot;medium&quot;:{&quot;height&quot;:200,&quot;width&quot;:300,&quot;url&quot;:&quot;https:\/\/dihona.com.vn\/wp-content\/uploads\/2025\/04\/IMG_1922-300x200.jpg&quot;,&quot;orientation&quot;:&quot;landscape&quot;},&quot;large&quot;:{&quot;height&quot;:683,&quot;width&quot;:1024,&quot;url&quot;:&quot;https:\/\/dihona.com.vn\/wp-content\/uploads\/2025\/04\/IMG_1922-1024x683.jpg&quot;,&quot;orientation&quot;:&quot;landscape&quot;},&quot;full&quot;:{&quot;url&quot;:&quot;https:\/\/dihona.com.vn\/wp-content\/uploads\/2025\/04\/IMG_1922-scaled.jpg&quot;,&quot;height&quot;:1707,&quot;width&quot;:2560,&quot;orientation&quot;:&quot;landscape&quot;}}\" style=\"\"><\/span><span><img decoding=\"async\" alt=\"\" data-id=\"79\" width=\"2560\" height=\"1707\" title=\"IMG_1926\" src=\"https:\/\/dihona.com.vn\/wp-content\/uploads\/2025\/04\/IMG_1926-1024x683.jpg\" data-src=\"https:\/\/dihona.com.vn\/wp-content\/uploads\/2025\/04\/IMG_1926-scaled.jpg\" loading=\"lazy\" data-sizes=\"{&quot;thumbnail&quot;:{&quot;height&quot;:150,&quot;width&quot;:150,&quot;url&quot;:&quot;https:\/\/dihona.com.vn\/wp-content\/uploads\/2025\/04\/IMG_1926-150x150.jpg&quot;,&quot;orientation&quot;:&quot;landscape&quot;},&quot;medium&quot;:{&quot;height&quot;:200,&quot;width&quot;:300,&quot;url&quot;:&quot;https:\/\/dihona.com.vn\/wp-content\/uploads\/2025\/04\/IMG_1926-300x200.jpg&quot;,&quot;orientation&quot;:&quot;landscape&quot;},&quot;large&quot;:{&quot;height&quot;:683,&quot;width&quot;:1024,&quot;url&quot;:&quot;https:\/\/dihona.com.vn\/wp-content\/uploads\/2025\/04\/IMG_1926-1024x683.jpg&quot;,&quot;orientation&quot;:&quot;landscape&quot;},&quot;full&quot;:{&quot;url&quot;:&quot;https:\/\/dihona.com.vn\/wp-content\/uploads\/2025\/04\/IMG_1926-scaled.jpg&quot;,&quot;height&quot;:1707,&quot;width&quot;:2560,&quot;orientation&quot;:&quot;landscape&quot;}}\" style=\"\"><\/span><span><img decoding=\"async\" alt=\"\" data-id=\"80\" width=\"2560\" height=\"1707\" title=\"IMG_1914\" src=\"https:\/\/dihona.com.vn\/wp-content\/uploads\/2025\/04\/IMG_1914-1024x683.jpg\" data-src=\"https:\/\/dihona.com.vn\/wp-content\/uploads\/2025\/04\/IMG_1914-scaled.jpg\" loading=\"lazy\" data-sizes=\"{&quot;thumbnail&quot;:{&quot;height&quot;:150,&quot;width&quot;:150,&quot;url&quot;:&quot;https:\/\/dihona.com.vn\/wp-content\/uploads\/2025\/04\/IMG_1914-150x150.jpg&quot;,&quot;orientation&quot;:&quot;landscape&quot;},&quot;medium&quot;:{&quot;height&quot;:200,&quot;width&quot;:300,&quot;url&quot;:&quot;https:\/\/dihona.com.vn\/wp-content\/uploads\/2025\/04\/IMG_1914-300x200.jpg&quot;,&quot;orientation&quot;:&quot;landscape&quot;},&quot;large&quot;:{&quot;height&quot;:683,&quot;width&quot;:1024,&quot;url&quot;:&quot;https:\/\/dihona.com.vn\/wp-content\/uploads\/2025\/04\/IMG_1914-1024x683.jpg&quot;,&quot;orientation&quot;:&quot;landscape&quot;},&quot;full&quot;:{&quot;url&quot;:&quot;https:\/\/dihona.com.vn\/wp-content\/uploads\/2025\/04\/IMG_1914-scaled.jpg&quot;,&quot;height&quot;:1707,&quot;width&quot;:2560,&quot;orientation&quot;:&quot;landscape&quot;}}\" style=\"\"><\/span><span><img decoding=\"async\" alt=\"\" data-id=\"81\" width=\"1707\" height=\"2560\" title=\"IMG_1934\" src=\"https:\/\/dihona.com.vn\/wp-content\/uploads\/2025\/04\/IMG_1934-683x1024.jpg\" data-src=\"https:\/\/dihona.com.vn\/wp-content\/uploads\/2025\/04\/IMG_1934-scaled.jpg\" loading=\"lazy\" data-sizes=\"{&quot;thumbnail&quot;:{&quot;height&quot;:150,&quot;width&quot;:150,&quot;url&quot;:&quot;https:\/\/dihona.com.vn\/wp-content\/uploads\/2025\/04\/IMG_1934-150x150.jpg&quot;,&quot;orientation&quot;:&quot;landscape&quot;},&quot;medium&quot;:{&quot;height&quot;:300,&quot;width&quot;:200,&quot;url&quot;:&quot;https:\/\/dihona.com.vn\/wp-content\/uploads\/2025\/04\/IMG_1934-200x300.jpg&quot;,&quot;orientation&quot;:&quot;portrait&quot;},&quot;large&quot;:{&quot;height&quot;:1024,&quot;width&quot;:683,&quot;url&quot;:&quot;https:\/\/dihona.com.vn\/wp-content\/uploads\/2025\/04\/IMG_1934-683x1024.jpg&quot;,&quot;orientation&quot;:&quot;portrait&quot;},&quot;full&quot;:{&quot;url&quot;:&quot;https:\/\/dihona.com.vn\/wp-content\/uploads\/2025\/04\/IMG_1934-scaled.jpg&quot;,&quot;height&quot;:2560,&quot;width&quot;:1707,&quot;orientation&quot;:&quot;portrait&quot;}}\" style=\"\"><\/span><span><img decoding=\"async\" alt=\"\" data-id=\"82\" width=\"2560\" height=\"1707\" title=\"IMG_1932\" src=\"https:\/\/dihona.com.vn\/wp-content\/uploads\/2025\/04\/IMG_1932-1024x683.jpg\" data-src=\"https:\/\/dihona.com.vn\/wp-content\/uploads\/2025\/04\/IMG_1932-scaled.jpg\" loading=\"lazy\" data-sizes=\"{&quot;thumbnail&quot;:{&quot;height&quot;:150,&quot;width&quot;:150,&quot;url&quot;:&quot;https:\/\/dihona.com.vn\/wp-content\/uploads\/2025\/04\/IMG_1932-150x150.jpg&quot;,&quot;orientation&quot;:&quot;landscape&quot;},&quot;medium&quot;:{&quot;height&quot;:200,&quot;width&quot;:300,&quot;url&quot;:&quot;https:\/\/dihona.com.vn\/wp-content\/uploads\/2025\/04\/IMG_1932-300x200.jpg&quot;,&quot;orientation&quot;:&quot;landscape&quot;},&quot;large&quot;:{&quot;height&quot;:683,&quot;width&quot;:1024,&quot;url&quot;:&quot;https:\/\/dihona.com.vn\/wp-content\/uploads\/2025\/04\/IMG_1932-1024x683.jpg&quot;,&quot;orientation&quot;:&quot;landscape&quot;},&quot;full&quot;:{&quot;url&quot;:&quot;https:\/\/dihona.com.vn\/wp-content\/uploads\/2025\/04\/IMG_1932-scaled.jpg&quot;,&quot;height&quot;:1707,&quot;width&quot;:2560,&quot;orientation&quot;:&quot;landscape&quot;}}\" style=\"\"><\/span><span><img decoding=\"async\" alt=\"\" data-id=\"83\" width=\"2560\" height=\"2080\" title=\"IMG_1940 copy\" src=\"https:\/\/dihona.com.vn\/wp-content\/uploads\/2025\/04\/IMG_1940-copy-1024x832.png\" data-src=\"https:\/\/dihona.com.vn\/wp-content\/uploads\/2025\/04\/IMG_1940-copy-scaled.png\" loading=\"lazy\" data-sizes=\"{&quot;thumbnail&quot;:{&quot;height&quot;:150,&quot;width&quot;:150,&quot;url&quot;:&quot;https:\/\/dihona.com.vn\/wp-content\/uploads\/2025\/04\/IMG_1940-copy-150x150.png&quot;,&quot;orientation&quot;:&quot;landscape&quot;},&quot;medium&quot;:{&quot;height&quot;:244,&quot;width&quot;:300,&quot;url&quot;:&quot;https:\/\/dihona.com.vn\/wp-content\/uploads\/2025\/04\/IMG_1940-copy-300x244.png&quot;,&quot;orientation&quot;:&quot;landscape&quot;},&quot;large&quot;:{&quot;height&quot;:832,&quot;width&quot;:1024,&quot;url&quot;:&quot;https:\/\/dihona.com.vn\/wp-content\/uploads\/2025\/04\/IMG_1940-copy-1024x832.png&quot;,&quot;orientation&quot;:&quot;landscape&quot;},&quot;full&quot;:{&quot;url&quot;:&quot;https:\/\/dihona.com.vn\/wp-content\/uploads\/2025\/04\/IMG_1940-copy-scaled.png&quot;,&quot;height&quot;:2080,&quot;width&quot;:2560,&quot;orientation&quot;:&quot;landscape&quot;}}\" style=\"\"><\/span><span><img decoding=\"async\" alt=\"\" data-id=\"84\" width=\"2560\" height=\"1707\" title=\"IMG_1946\" src=\"https:\/\/dihona.com.vn\/wp-content\/uploads\/2025\/04\/IMG_1946-1024x683.jpg\" data-src=\"https:\/\/dihona.com.vn\/wp-content\/uploads\/2025\/04\/IMG_1946-scaled.jpg\" loading=\"lazy\" data-sizes=\"{&quot;thumbnail&quot;:{&quot;height&quot;:150,&quot;width&quot;:150,&quot;url&quot;:&quot;https:\/\/dihona.com.vn\/wp-content\/uploads\/2025\/04\/IMG_1946-150x150.jpg&quot;,&quot;orientation&quot;:&quot;landscape&quot;},&quot;medium&quot;:{&quot;height&quot;:200,&quot;width&quot;:300,&quot;url&quot;:&quot;https:\/\/dihona.com.vn\/wp-content\/uploads\/2025\/04\/IMG_1946-300x200.jpg&quot;,&quot;orientation&quot;:&quot;landscape&quot;},&quot;large&quot;:{&quot;height&quot;:683,&quot;width&quot;:1024,&quot;url&quot;:&quot;https:\/\/dihona.com.vn\/wp-content\/uploads\/2025\/04\/IMG_1946-1024x683.jpg&quot;,&quot;orientation&quot;:&quot;landscape&quot;},&quot;full&quot;:{&quot;url&quot;:&quot;https:\/\/dihona.com.vn\/wp-content\/uploads\/2025\/04\/IMG_1946-scaled.jpg&quot;,&quot;height&quot;:1707,&quot;width&quot;:2560,&quot;orientation&quot;:&quot;landscape&quot;}}\" style=\"\"><\/span><span><img decoding=\"async\" alt=\"\" data-id=\"85\" width=\"2560\" height=\"1707\" title=\"IMG_1973\" src=\"https:\/\/dihona.com.vn\/wp-content\/uploads\/2025\/04\/IMG_1973-1024x683.jpg\" data-src=\"https:\/\/dihona.com.vn\/wp-content\/uploads\/2025\/04\/IMG_1973-scaled.jpg\" loading=\"lazy\" data-sizes=\"{&quot;thumbnail&quot;:{&quot;height&quot;:150,&quot;width&quot;:150,&quot;url&quot;:&quot;https:\/\/dihona.com.vn\/wp-content\/uploads\/2025\/04\/IMG_1973-150x150.jpg&quot;,&quot;orientation&quot;:&quot;landscape&quot;},&quot;medium&quot;:{&quot;height&quot;:200,&quot;width&quot;:300,&quot;url&quot;:&quot;https:\/\/dihona.com.vn\/wp-content\/uploads\/2025\/04\/IMG_1973-300x200.jpg&quot;,&quot;orientation&quot;:&quot;landscape&quot;},&quot;large&quot;:{&quot;height&quot;:683,&quot;width&quot;:1024,&quot;url&quot;:&quot;https:\/\/dihona.com.vn\/wp-content\/uploads\/2025\/04\/IMG_1973-1024x683.jpg&quot;,&quot;orientation&quot;:&quot;landscape&quot;},&quot;full&quot;:{&quot;url&quot;:&quot;https:\/\/dihona.com.vn\/wp-content\/uploads\/2025\/04\/IMG_1973-scaled.jpg&quot;,&quot;height&quot;:1707,&quot;width&quot;:2560,&quot;orientation&quot;:&quot;landscape&quot;}}\" style=\"\"><\/span><span><img decoding=\"async\" alt=\"\" data-id=\"86\" width=\"2560\" height=\"1707\" title=\"IMG_1987\" src=\"https:\/\/dihona.com.vn\/wp-content\/uploads\/2025\/04\/IMG_1987-1024x683.jpg\" data-src=\"https:\/\/dihona.com.vn\/wp-content\/uploads\/2025\/04\/IMG_1987-scaled.jpg\" loading=\"lazy\" data-sizes=\"{&quot;thumbnail&quot;:{&quot;height&quot;:150,&quot;width&quot;:150,&quot;url&quot;:&quot;https:\/\/dihona.com.vn\/wp-content\/uploads\/2025\/04\/IMG_1987-150x150.jpg&quot;,&quot;orientation&quot;:&quot;landscape&quot;},&quot;medium&quot;:{&quot;height&quot;:200,&quot;width&quot;:300,&quot;url&quot;:&quot;https:\/\/dihona.com.vn\/wp-content\/uploads\/2025\/04\/IMG_1987-300x200.jpg&quot;,&quot;orientation&quot;:&quot;landscape&quot;},&quot;large&quot;:{&quot;height&quot;:683,&quot;width&quot;:1024,&quot;url&quot;:&quot;https:\/\/dihona.com.vn\/wp-content\/uploads\/2025\/04\/IMG_1987-1024x683.jpg&quot;,&quot;orientation&quot;:&quot;landscape&quot;},&quot;full&quot;:{&quot;url&quot;:&quot;https:\/\/dihona.com.vn\/wp-content\/uploads\/2025\/04\/IMG_1987-scaled.jpg&quot;,&quot;height&quot;:1707,&quot;width&quot;:2560,&quot;orientation&quot;:&quot;landscape&quot;}}\" style=\"\"><\/span><span><img decoding=\"async\" alt=\"\" data-id=\"87\" width=\"2560\" height=\"1707\" title=\"IMG_1998\" src=\"https:\/\/dihona.com.vn\/wp-content\/uploads\/2025\/04\/IMG_1998-1024x683.jpg\" data-src=\"https:\/\/dihona.com.vn\/wp-content\/uploads\/2025\/04\/IMG_1998-scaled.jpg\" loading=\"lazy\" data-sizes=\"{&quot;thumbnail&quot;:{&quot;height&quot;:150,&quot;width&quot;:150,&quot;url&quot;:&quot;https:\/\/dihona.com.vn\/wp-content\/uploads\/2025\/04\/IMG_1998-150x150.jpg&quot;,&quot;orientation&quot;:&quot;landscape&quot;},&quot;medium&quot;:{&quot;height&quot;:200,&quot;width&quot;:300,&quot;url&quot;:&quot;https:\/\/dihona.com.vn\/wp-content\/uploads\/2025\/04\/IMG_1998-300x200.jpg&quot;,&quot;orientation&quot;:&quot;landscape&quot;},&quot;large&quot;:{&quot;height&quot;:683,&quot;width&quot;:1024,&quot;url&quot;:&quot;https:\/\/dihona.com.vn\/wp-content\/uploads\/2025\/04\/IMG_1998-1024x683.jpg&quot;,&quot;orientation&quot;:&quot;landscape&quot;},&quot;full&quot;:{&quot;url&quot;:&quot;https:\/\/dihona.com.vn\/wp-content\/uploads\/2025\/04\/IMG_1998-scaled.jpg&quot;,&quot;height&quot;:1707,&quot;width&quot;:2560,&quot;orientation&quot;:&quot;landscape&quot;}}\" style=\"\"><\/span><span><img decoding=\"async\" alt=\"\" data-id=\"88\" width=\"2560\" height=\"1707\" title=\"IMG_1999\" src=\"https:\/\/dihona.com.vn\/wp-content\/uploads\/2025\/04\/IMG_1999-1024x683.jpg\" data-src=\"https:\/\/dihona.com.vn\/wp-content\/uploads\/2025\/04\/IMG_1999-scaled.jpg\" loading=\"lazy\" data-sizes=\"{&quot;thumbnail&quot;:{&quot;height&quot;:150,&quot;width&quot;:150,&quot;url&quot;:&quot;https:\/\/dihona.com.vn\/wp-content\/uploads\/2025\/04\/IMG_1999-150x150.jpg&quot;,&quot;orientation&quot;:&quot;landscape&quot;},&quot;medium&quot;:{&quot;height&quot;:200,&quot;width&quot;:300,&quot;url&quot;:&quot;https:\/\/dihona.com.vn\/wp-content\/uploads\/2025\/04\/IMG_1999-300x200.jpg&quot;,&quot;orientation&quot;:&quot;landscape&quot;},&quot;large&quot;:{&quot;height&quot;:683,&quot;width&quot;:1024,&quot;url&quot;:&quot;https:\/\/dihona.com.vn\/wp-content\/uploads\/2025\/04\/IMG_1999-1024x683.jpg&quot;,&quot;orientation&quot;:&quot;landscape&quot;},&quot;full&quot;:{&quot;url&quot;:&quot;https:\/\/dihona.com.vn\/wp-content\/uploads\/2025\/04\/IMG_1999-scaled.jpg&quot;,&quot;height&quot;:1707,&quot;width&quot;:2560,&quot;orientation&quot;:&quot;landscape&quot;}}\" style=\"\"><\/span><span><img decoding=\"async\" alt=\"\" data-id=\"89\" width=\"800\" height=\"533\" title=\"Ba\u0309n sao cu\u0309a 20dihona\" src=\"https:\/\/dihona.com.vn\/wp-content\/uploads\/2025\/04\/Ban-sao-cua-20dihona-300x200.jpg\" data-src=\"https:\/\/dihona.com.vn\/wp-content\/uploads\/2025\/04\/Ban-sao-cua-20dihona.jpg\" loading=\"lazy\" data-sizes=\"{&quot;thumbnail&quot;:{&quot;height&quot;:150,&quot;width&quot;:150,&quot;url&quot;:&quot;https:\/\/dihona.com.vn\/wp-content\/uploads\/2025\/04\/Ban-sao-cua-20dihona-150x150.jpg&quot;,&quot;orientation&quot;:&quot;landscape&quot;},&quot;medium&quot;:{&quot;height&quot;:200,&quot;width&quot;:300,&quot;url&quot;:&quot;https:\/\/dihona.com.vn\/wp-content\/uploads\/2025\/04\/Ban-sao-cua-20dihona-300x200.jpg&quot;,&quot;orientation&quot;:&quot;landscape&quot;},&quot;full&quot;:{&quot;url&quot;:&quot;https:\/\/dihona.com.vn\/wp-content\/uploads\/2025\/04\/Ban-sao-cua-20dihona.jpg&quot;,&quot;height&quot;:533,&quot;width&quot;:800,&quot;orientation&quot;:&quot;landscape&quot;}}\" style=\"\"><\/span><\/p>\n","protected":false},"excerpt":{"rendered":"<p>H\u1ed9p qu\u00e0 t\u1eb7ng cao c\u1ea5p PH\u00daC L\u1ed8C TH\u1ecc H\u1ed8P QU\u00c0 T\u1eb6NG CAO C\u1ea4P PH\u00daC L\u1ed8C TH\u1ecc:&nbsp;h\u1ea1nh ph\u00fac \u2013 may m\u1eafn \u2013 tr\u01b0\u1eddng t\u1ed3n. \u0110\u00e2y l\u00e0 m\u00f3n qu\u00e0&nbsp;ch\u00e1y h\u00e0ng&nbsp;nh\u1ea5t c\u1ee7a Dihona.&nbsp;Set qu\u00e0 t\u1eb7ng cao c\u1ea5p v\u1edbi m\u1eabu m\u00e3 thi\u1ebft k\u1ebf sang tr\u1ecdng, th\u1ec3 hi\u1ec7n \u0111\u1eb3ng c\u1ea5p c\u1ee7a c\u1ea3 ng\u01b0\u1eddi t\u1eb7ng l\u1eabn ng\u01b0\u1eddi nh\u1eadn. H\u1ed9p qu\u00e0 t\u1eb7ng [&hellip;]<\/p>\n","protected":false},"author":1,"featured_media":0,"parent":0,"menu_order":0,"comment_status":"closed","ping_status":"closed","template":"","meta":{"footnotes":""},"class_list":["post-7","page","type-page","status-publish","hentry"],"_links":{"self":[{"href":"https:\/\/dihona.com.vn\/index.php\/wp-json\/wp\/v2\/pages\/7","targetHints":{"allow":["GET"]}}],"collection":[{"href":"https:\/\/dihona.com.vn\/index.php\/wp-json\/wp\/v2\/pages"}],"about":[{"href":"https:\/\/dihona.com.vn\/index.php\/wp-json\/wp\/v2\/types\/page"}],"author":[{"embeddable":true,"href":"https:\/\/dihona.com.vn\/index.php\/wp-json\/wp\/v2\/users\/1"}],"replies":[{"embeddable":true,"href":"https:\/\/dihona.com.vn\/index.php\/wp-json\/wp\/v2\/comments?post=7"}],"version-history":[{"count":65,"href":"https:\/\/dihona.com.vn\/index.php\/wp-json\/wp\/v2\/pages\/7\/revisions"}],"predecessor-version":[{"id":95,"href":"https:\/\/dihona.com.vn\/index.php\/wp-json\/wp\/v2\/pages\/7\/revisions\/95"}],"wp:attachment":[{"href":"https:\/\/dihona.com.vn\/index.php\/wp-json\/wp\/v2\/media?parent=7"}],"curies":[{"name":"wp","href":"https:\/\/api.w.org\/{rel}","templated":true}]}}